{"id":59,"date":"2024-04-19T17:03:34","date_gmt":"2024-04-19T15:03:34","guid":{"rendered":"http:\/\/wordpress.microfun88.fr\/?page_id=59"},"modified":"2024-05-03T17:02:30","modified_gmt":"2024-05-03T15:02:30","slug":"page-nos-services","status":"publish","type":"page","link":"https:\/\/wordpress.microfun88.fr\/index.php\/page-nos-services\/","title":{"rendered":"Page Nos Services"},"content":{"rendered":"\t\t<div data-elementor-type=\"wp-page\" data-elementor-id=\"59\" class=\"elementor elementor-59\">\n\t\t\t\t<div class=\"elementor-element elementor-element-2122614 e-con-full e-flex e-con e-parent\" data-id=\"2122614\" data-element_type=\"container\" data-e-type=\"container\">\n\t\t<div class=\"elementor-element elementor-element-45f90b3 e-con-full e-flex e-con e-child\" data-id=\"45f90b3\" data-element_type=\"container\" data-e-type=\"container\">\n\t\t\t\t<div class=\"elementor-element elementor-element-51d3b26 elementor-widget elementor-widget-heading\" data-id=\"51d3b26\" data-element_type=\"widget\" data-e-type=\"widget\" data-widget_type=\"heading.default\">\n\t\t\t\t<div class=\"elementor-widget-container\">\n\t\t\t\t\t<h2 class=\"elementor-heading-title elementor-size-default\">Vente de produits informatiques<\/h2>\t\t\t\t<\/div>\n\t\t\t\t<\/div>\n\t\t\t\t<div class=\"elementor-element elementor-element-4c9df6b elementor-widget elementor-widget-text-editor\" data-id=\"4c9df6b\" data-element_type=\"widget\" data-e-type=\"widget\" data-widget_type=\"text-editor.default\">\n\t\t\t\t<div class=\"elementor-widget-container\">\n\t\t\t\t\t\t\t\t\t<p>D\u00e9couvrez notre s\u00e9lection soigneusement choisie de produits informatiques pour r\u00e9pondre \u00e0 tous vos besoins en ligne. Que vous soyez un particulier \u00e0 la recherche d&#8217;un nouvel ordinateur portable performant, un professionnel ayant besoin d&#8217;\u00e9quipements de pointe pour son entreprise, ou un d\u00e9veloppeur cherchant des outils et des accessoires sp\u00e9cialis\u00e9s, nous avons ce qu&#8217;il vous faut.<\/p>\t\t\t\t\t\t\t\t<\/div>\n\t\t\t\t<\/div>\n\t\t\t\t<div class=\"elementor-element elementor-element-77023c0 elementor-widget elementor-widget-button\" data-id=\"77023c0\" data-element_type=\"widget\" data-e-type=\"widget\" data-widget_type=\"button.default\">\n\t\t\t\t<div class=\"elementor-widget-container\">\n\t\t\t\t\t\t\t\t\t<div class=\"elementor-button-wrapper\">\n\t\t\t\t\t<a class=\"elementor-button elementor-button-link elementor-size-sm\" href=\"http:\/\/wordpress.microfun88.fr\/index.php\/pages-contact\/\">\n\t\t\t\t\t\t<span class=\"elementor-button-content-wrapper\">\n\t\t\t\t\t\t\t\t\t<span class=\"elementor-button-text\">Contactez-nous <\/span>\n\t\t\t\t\t<\/span>\n\t\t\t\t\t<\/a>\n\t\t\t\t<\/div>\n\t\t\t\t\t\t\t\t<\/div>\n\t\t\t\t<\/div>\n\t\t\t\t<\/div>\n\t\t<div class=\"elementor-element elementor-element-16cb988 e-con-full e-flex e-con e-child\" data-id=\"16cb988\" data-element_type=\"container\" data-e-type=\"container\">\n\t\t\t\t<div class=\"elementor-element elementor-element-07cf0f7 elementor-widget elementor-widget-image\" data-id=\"07cf0f7\" data-element_type=\"widget\" data-e-type=\"widget\" data-widget_type=\"image.default\">\n\t\t\t\t<div class=\"elementor-widget-container\">\n\t\t\t\t\t\t\t\t\t\t\t\t\t\t\t<img fetchpriority=\"high\" decoding=\"async\" width=\"980\" height=\"980\" src=\"https:\/\/wordpress.microfun88.fr\/wp-content\/uploads\/2024\/04\/1100030-kit-de-videoconference-en-ligne-isometrique-vectoriel.jpg\" class=\"attachment-full size-full wp-image-345\" alt=\"\" srcset=\"https:\/\/wordpress.microfun88.fr\/wp-content\/uploads\/2024\/04\/1100030-kit-de-videoconference-en-ligne-isometrique-vectoriel.jpg 980w, https:\/\/wordpress.microfun88.fr\/wp-content\/uploads\/2024\/04\/1100030-kit-de-videoconference-en-ligne-isometrique-vectoriel-300x300.jpg 300w, https:\/\/wordpress.microfun88.fr\/wp-content\/uploads\/2024\/04\/1100030-kit-de-videoconference-en-ligne-isometrique-vectoriel-150x150.jpg 150w, https:\/\/wordpress.microfun88.fr\/wp-content\/uploads\/2024\/04\/1100030-kit-de-videoconference-en-ligne-isometrique-vectoriel-768x768.jpg 768w\" sizes=\"(max-width: 980px) 100vw, 980px\" \/>\t\t\t\t\t\t\t\t\t\t\t\t\t\t\t<\/div>\n\t\t\t\t<\/div>\n\t\t\t\t<\/div>\n\t\t\t\t<\/div>\n\t\t<div class=\"elementor-element elementor-element-7fa91ec e-flex e-con-boxed e-con e-parent\" data-id=\"7fa91ec\" data-element_type=\"container\" data-e-type=\"container\" data-settings=\"{&quot;background_background&quot;:&quot;classic&quot;}\">\n\t\t\t\t\t<div class=\"e-con-inner\">\n\t\t<div class=\"elementor-element elementor-element-99466a0 e-con-full e-flex e-con e-child\" data-id=\"99466a0\" data-element_type=\"container\" data-e-type=\"container\">\n\t\t\t\t<div class=\"elementor-element elementor-element-00bf6a4 elementor-widget elementor-widget-image\" data-id=\"00bf6a4\" data-element_type=\"widget\" data-e-type=\"widget\" data-widget_type=\"image.default\">\n\t\t\t\t<div class=\"elementor-widget-container\">\n\t\t\t\t\t\t\t\t\t\t\t\t\t\t\t<img decoding=\"async\" width=\"626\" height=\"422\" src=\"https:\/\/wordpress.microfun88.fr\/wp-content\/uploads\/2024\/04\/concept-technologie-connexion-numerique-pour-reseaux-informatiques_410516-30062.jpg.avif\" class=\"attachment-full size-full wp-image-380\" alt=\"\" \/>\t\t\t\t\t\t\t\t\t\t\t\t\t\t\t<\/div>\n\t\t\t\t<\/div>\n\t\t\t\t<\/div>\n\t\t<div class=\"elementor-element elementor-element-ba339f7 e-con-full e-flex e-con e-child\" data-id=\"ba339f7\" data-element_type=\"container\" data-e-type=\"container\">\n\t\t\t\t<div class=\"elementor-element elementor-element-93dc64f elementor-widget elementor-widget-heading\" data-id=\"93dc64f\" data-element_type=\"widget\" data-e-type=\"widget\" data-widget_type=\"heading.default\">\n\t\t\t\t<div class=\"elementor-widget-container\">\n\t\t\t\t\t<h2 class=\"elementor-heading-title elementor-size-default\">Atelier de maintenance informatique<\/h2>\t\t\t\t<\/div>\n\t\t\t\t<\/div>\n\t\t\t\t<div class=\"elementor-element elementor-element-2bbcf74 elementor-widget elementor-widget-text-editor\" data-id=\"2bbcf74\" data-element_type=\"widget\" data-e-type=\"widget\" data-widget_type=\"text-editor.default\">\n\t\t\t\t<div class=\"elementor-widget-container\">\n\t\t\t\t\t\t\t\t\t<p>D\u00e9couvrez notre service d&#8217;atelier de maintenance informatique ultra-rapide chez Microfun88! En 24 \u00e0 48 heures seulement et sans rendez-vous, confiez-nous vos \u00e9quipements d\u00e9faillants et laissez-nous les remettre en parfait \u00e9tat de fonctionnement. Avec notre \u00e9quipe d&#8217;experts qualifi\u00e9s et notre engagement envers votre satisfaction, vous pouvez compter sur nous pour r\u00e9soudre rapidement tous vos probl\u00e8mes informatiques, que ce soit pour une r\u00e9paration, une mise \u00e0 niveau ou une maintenance<\/p>\t\t\t\t\t\t\t\t<\/div>\n\t\t\t\t<\/div>\n\t\t\t\t<div class=\"elementor-element elementor-element-8d603e2 elementor-align-right elementor-widget elementor-widget-button\" data-id=\"8d603e2\" data-element_type=\"widget\" data-e-type=\"widget\" data-widget_type=\"button.default\">\n\t\t\t\t<div class=\"elementor-widget-container\">\n\t\t\t\t\t\t\t\t\t<div class=\"elementor-button-wrapper\">\n\t\t\t\t\t<a class=\"elementor-button elementor-button-link elementor-size-sm\" href=\"http:\/\/wordpress.microfun88.fr\/index.php\/pages-contact\/\">\n\t\t\t\t\t\t<span class=\"elementor-button-content-wrapper\">\n\t\t\t\t\t\t\t\t\t<span class=\"elementor-button-text\">Contactez-nous <\/span>\n\t\t\t\t\t<\/span>\n\t\t\t\t\t<\/a>\n\t\t\t\t<\/div>\n\t\t\t\t\t\t\t\t<\/div>\n\t\t\t\t<\/div>\n\t\t\t\t<\/div>\n\t\t\t\t\t<\/div>\n\t\t\t\t<\/div>\n\t\t<div class=\"elementor-element elementor-element-21e888d e-flex e-con-boxed e-con e-parent\" data-id=\"21e888d\" data-element_type=\"container\" data-e-type=\"container\">\n\t\t\t\t\t<div class=\"e-con-inner\">\n\t\t<div class=\"elementor-element elementor-element-c829d7e e-con-full e-flex e-con e-child\" data-id=\"c829d7e\" data-element_type=\"container\" data-e-type=\"container\">\n\t\t\t\t<div class=\"elementor-element elementor-element-02f392c elementor-widget elementor-widget-heading\" data-id=\"02f392c\" data-element_type=\"widget\" data-e-type=\"widget\" data-widget_type=\"heading.default\">\n\t\t\t\t<div class=\"elementor-widget-container\">\n\t\t\t\t\t<h2 class=\"elementor-heading-title elementor-size-default\">Collect &amp; repair<\/h2>\t\t\t\t<\/div>\n\t\t\t\t<\/div>\n\t\t\t\t<div class=\"elementor-element elementor-element-a8b19a8 elementor-widget elementor-widget-text-editor\" data-id=\"a8b19a8\" data-element_type=\"widget\" data-e-type=\"widget\" data-widget_type=\"text-editor.default\">\n\t\t\t\t<div class=\"elementor-widget-container\">\n\t\t\t\t\t\t\t\t\t<p>D\u00e9couvrez notre service exclusif &#8220;Collect and Repair&#8221; chez Microfun88 ! Notre \u00e9quipe se rend directement \u00e0 votre domicile ou bureau pour installer et configurer vos \u00e9quipements informatiques selon vos besoins sp\u00e9cifiques. Fini les tracas de d\u00e9placement et les longues attentes en magasin avec notre service Collect and Repair, profitez d&#8217;un service sur mesure et personnalis\u00e9, o\u00f9 et quand vous le souhaitez<\/p>\t\t\t\t\t\t\t\t<\/div>\n\t\t\t\t<\/div>\n\t\t\t\t<div class=\"elementor-element elementor-element-133f140 elementor-widget elementor-widget-button\" data-id=\"133f140\" data-element_type=\"widget\" data-e-type=\"widget\" data-widget_type=\"button.default\">\n\t\t\t\t<div class=\"elementor-widget-container\">\n\t\t\t\t\t\t\t\t\t<div class=\"elementor-button-wrapper\">\n\t\t\t\t\t<a class=\"elementor-button elementor-button-link elementor-size-sm\" href=\"http:\/\/wordpress.microfun88.fr\/index.php\/pages-contact\/\">\n\t\t\t\t\t\t<span class=\"elementor-button-content-wrapper\">\n\t\t\t\t\t\t\t\t\t<span class=\"elementor-button-text\">Contactez-nous <\/span>\n\t\t\t\t\t<\/span>\n\t\t\t\t\t<\/a>\n\t\t\t\t<\/div>\n\t\t\t\t\t\t\t\t<\/div>\n\t\t\t\t<\/div>\n\t\t\t\t<\/div>\n\t\t<div class=\"elementor-element elementor-element-312757f e-con-full e-flex e-con e-child\" data-id=\"312757f\" data-element_type=\"container\" data-e-type=\"container\">\n\t\t\t\t<div class=\"elementor-element elementor-element-4b46269 elementor-widget elementor-widget-image\" data-id=\"4b46269\" data-element_type=\"widget\" data-e-type=\"widget\" data-widget_type=\"image.default\">\n\t\t\t\t<div class=\"elementor-widget-container\">\n\t\t\t\t\t\t\t\t\t\t\t\t\t\t\t<img decoding=\"async\" width=\"1024\" height=\"724\" src=\"https:\/\/wordpress.microfun88.fr\/wp-content\/uploads\/2024\/05\/collectrepear-1024x724.png\" class=\"attachment-large size-large wp-image-510\" alt=\"\" srcset=\"https:\/\/wordpress.microfun88.fr\/wp-content\/uploads\/2024\/05\/collectrepear-1024x724.png 1024w, https:\/\/wordpress.microfun88.fr\/wp-content\/uploads\/2024\/05\/collectrepear-300x212.png 300w, https:\/\/wordpress.microfun88.fr\/wp-content\/uploads\/2024\/05\/collectrepear-768x543.png 768w, https:\/\/wordpress.microfun88.fr\/wp-content\/uploads\/2024\/05\/collectrepear-1536x1086.png 1536w, https:\/\/wordpress.microfun88.fr\/wp-content\/uploads\/2024\/05\/collectrepear-2048x1448.png 2048w\" sizes=\"(max-width: 1024px) 100vw, 1024px\" \/>\t\t\t\t\t\t\t\t\t\t\t\t\t\t\t<\/div>\n\t\t\t\t<\/div>\n\t\t\t\t<\/div>\n\t\t\t\t\t<\/div>\n\t\t\t\t<\/div>\n\t\t<div class=\"elementor-element elementor-element-83ed3e8 e-flex e-con-boxed e-con e-parent\" data-id=\"83ed3e8\" data-element_type=\"container\" data-e-type=\"container\" data-settings=\"{&quot;background_background&quot;:&quot;classic&quot;}\">\n\t\t\t\t\t<div class=\"e-con-inner\">\n\t\t<div class=\"elementor-element elementor-element-a112dc7 e-con-full e-flex e-con e-child\" data-id=\"a112dc7\" data-element_type=\"container\" data-e-type=\"container\">\n\t\t\t\t<div class=\"elementor-element elementor-element-a2d9567 elementor-widget elementor-widget-image\" data-id=\"a2d9567\" data-element_type=\"widget\" data-e-type=\"widget\" data-widget_type=\"image.default\">\n\t\t\t\t<div class=\"elementor-widget-container\">\n\t\t\t\t\t\t\t\t\t\t\t\t\t\t\t<img loading=\"lazy\" decoding=\"async\" width=\"864\" height=\"864\" src=\"https:\/\/wordpress.microfun88.fr\/wp-content\/uploads\/2024\/05\/Publication-Instagram-promotion-reseaux-sociaux-3D-Illustratif-simple-bleu-gris-1.gif\" class=\"attachment-2048x2048 size-2048x2048 wp-image-528\" alt=\"\" \/>\t\t\t\t\t\t\t\t\t\t\t\t\t\t\t<\/div>\n\t\t\t\t<\/div>\n\t\t\t\t<\/div>\n\t\t<div class=\"elementor-element elementor-element-5b474dc e-con-full e-flex e-con e-child\" data-id=\"5b474dc\" data-element_type=\"container\" data-e-type=\"container\">\n\t\t\t\t<div class=\"elementor-element elementor-element-e95d6b2 elementor-widget elementor-widget-heading\" data-id=\"e95d6b2\" data-element_type=\"widget\" data-e-type=\"widget\" data-widget_type=\"heading.default\">\n\t\t\t\t<div class=\"elementor-widget-container\">\n\t\t\t\t\t<h2 class=\"elementor-heading-title elementor-size-default\">Conseils et accompagnement <\/h2>\t\t\t\t<\/div>\n\t\t\t\t<\/div>\n\t\t\t\t<div class=\"elementor-element elementor-element-a033354 elementor-widget elementor-widget-text-editor\" data-id=\"a033354\" data-element_type=\"widget\" data-e-type=\"widget\" data-widget_type=\"text-editor.default\">\n\t\t\t\t<div class=\"elementor-widget-container\">\n\t\t\t\t\t\t\t\t\t<p>Notre service de conseils et accompagnement chez Microfun88 ! Nous sommes l\u00e0 pour vous guider \u00e0 chaque \u00e9tape de votre projet informatique, que ce soit pour choisir le bon \u00e9quipement, optimiser votre infrastructure existante ou mettre en place des solutions sur mesure.<\/p>\t\t\t\t\t\t\t\t<\/div>\n\t\t\t\t<\/div>\n\t\t\t\t<div class=\"elementor-element elementor-element-db576e8 elementor-align-right elementor-widget elementor-widget-button\" data-id=\"db576e8\" data-element_type=\"widget\" data-e-type=\"widget\" data-widget_type=\"button.default\">\n\t\t\t\t<div class=\"elementor-widget-container\">\n\t\t\t\t\t\t\t\t\t<div class=\"elementor-button-wrapper\">\n\t\t\t\t\t<a class=\"elementor-button elementor-button-link elementor-size-sm\" href=\"http:\/\/wordpress.microfun88.fr\/index.php\/pages-contact\/\">\n\t\t\t\t\t\t<span class=\"elementor-button-content-wrapper\">\n\t\t\t\t\t\t\t\t\t<span class=\"elementor-button-text\">Contactez-nous <\/span>\n\t\t\t\t\t<\/span>\n\t\t\t\t\t<\/a>\n\t\t\t\t<\/div>\n\t\t\t\t\t\t\t\t<\/div>\n\t\t\t\t<\/div>\n\t\t\t\t<\/div>\n\t\t\t\t\t<\/div>\n\t\t\t\t<\/div>\n\t\t<div class=\"elementor-element elementor-element-522f91a e-flex e-con-boxed e-con e-parent\" data-id=\"522f91a\" data-element_type=\"container\" data-e-type=\"container\">\n\t\t\t\t\t<div class=\"e-con-inner\">\n\t\t<div class=\"elementor-element elementor-element-6021fa3 e-con-full e-flex e-con e-child\" data-id=\"6021fa3\" data-element_type=\"container\" data-e-type=\"container\">\n\t\t\t\t<div class=\"elementor-element elementor-element-9d758b7 elementor-widget elementor-widget-heading\" data-id=\"9d758b7\" data-element_type=\"widget\" data-e-type=\"widget\" data-widget_type=\"heading.default\">\n\t\t\t\t<div class=\"elementor-widget-container\">\n\t\t\t\t\t<h2 class=\"elementor-heading-title elementor-size-default\">Assemblage sur mesure <\/h2>\t\t\t\t<\/div>\n\t\t\t\t<\/div>\n\t\t\t\t<div class=\"elementor-element elementor-element-4295a96 elementor-widget elementor-widget-text-editor\" data-id=\"4295a96\" data-element_type=\"widget\" data-e-type=\"widget\" data-widget_type=\"text-editor.default\">\n\t\t\t\t<div class=\"elementor-widget-container\">\n\t\t\t\t\t\t\t\t\t<p>D\u00e9couvrez notre service d&#8217;assemblage sur mesure chez Microfun88! Nous sommes sp\u00e9cialis\u00e9s dans la cr\u00e9ation de solutions informatiques personnalis\u00e9es selon vos besoins sp\u00e9cifiques. Que vous recherchiez un ordinateur puissant pour le gaming, une configuration professionnelle pour votre entreprise, ou tout autre projet informatique sur mesure, notre \u00e9quipe d&#8217;experts est l\u00e0 pour concevoir et assembler le syst\u00e8me parfaitement adapt\u00e9 \u00e0 vos exigences.<\/p>\t\t\t\t\t\t\t\t<\/div>\n\t\t\t\t<\/div>\n\t\t\t\t<div class=\"elementor-element elementor-element-1281415 elementor-widget elementor-widget-button\" data-id=\"1281415\" data-element_type=\"widget\" data-e-type=\"widget\" data-widget_type=\"button.default\">\n\t\t\t\t<div class=\"elementor-widget-container\">\n\t\t\t\t\t\t\t\t\t<div class=\"elementor-button-wrapper\">\n\t\t\t\t\t<a class=\"elementor-button elementor-button-link elementor-size-sm\" href=\"http:\/\/wordpress.microfun88.fr\/index.php\/pages-contact\/\">\n\t\t\t\t\t\t<span class=\"elementor-button-content-wrapper\">\n\t\t\t\t\t\t\t\t\t<span class=\"elementor-button-text\">Contactez-nous <\/span>\n\t\t\t\t\t<\/span>\n\t\t\t\t\t<\/a>\n\t\t\t\t<\/div>\n\t\t\t\t\t\t\t\t<\/div>\n\t\t\t\t<\/div>\n\t\t\t\t<\/div>\n\t\t<div class=\"elementor-element elementor-element-fe98721 e-con-full e-flex e-con e-child\" data-id=\"fe98721\" data-element_type=\"container\" data-e-type=\"container\">\n\t\t\t\t<div class=\"elementor-element elementor-element-2dc6a32 elementor-widget elementor-widget-image\" data-id=\"2dc6a32\" data-element_type=\"widget\" data-e-type=\"widget\" data-widget_type=\"image.default\">\n\t\t\t\t<div class=\"elementor-widget-container\">\n\t\t\t\t\t\t\t\t\t\t\t\t\t\t\t<img loading=\"lazy\" decoding=\"async\" width=\"640\" height=\"640\" src=\"https:\/\/wordpress.microfun88.fr\/wp-content\/uploads\/2024\/04\/3b63ff318c_50178682_pc.jpg\" class=\"attachment-large size-large wp-image-379\" alt=\"\" srcset=\"https:\/\/wordpress.microfun88.fr\/wp-content\/uploads\/2024\/04\/3b63ff318c_50178682_pc.jpg 640w, https:\/\/wordpress.microfun88.fr\/wp-content\/uploads\/2024\/04\/3b63ff318c_50178682_pc-300x300.jpg 300w, https:\/\/wordpress.microfun88.fr\/wp-content\/uploads\/2024\/04\/3b63ff318c_50178682_pc-150x150.jpg 150w\" sizes=\"(max-width: 640px) 100vw, 640px\" \/>\t\t\t\t\t\t\t\t\t\t\t\t\t\t\t<\/div>\n\t\t\t\t<\/div>\n\t\t\t\t<\/div>\n\t\t\t\t\t<\/div>\n\t\t\t\t<\/div>\n\t\t<div class=\"elementor-element elementor-element-d807009 e-flex e-con-boxed e-con e-parent\" data-id=\"d807009\" data-element_type=\"container\" data-e-type=\"container\" data-settings=\"{&quot;background_background&quot;:&quot;classic&quot;}\">\n\t\t\t\t\t<div class=\"e-con-inner\">\n\t\t<div class=\"elementor-element elementor-element-33a5e59 e-con-full e-flex e-con e-child\" data-id=\"33a5e59\" data-element_type=\"container\" data-e-type=\"container\">\n\t\t\t\t<div class=\"elementor-element elementor-element-8abdbf7 elementor-widget elementor-widget-image\" data-id=\"8abdbf7\" data-element_type=\"widget\" data-e-type=\"widget\" data-widget_type=\"image.default\">\n\t\t\t\t<div class=\"elementor-widget-container\">\n\t\t\t\t\t\t\t\t\t\t\t\t\t\t\t<img loading=\"lazy\" decoding=\"async\" width=\"1024\" height=\"684\" src=\"https:\/\/wordpress.microfun88.fr\/wp-content\/uploads\/2024\/04\/offre-tarif-1024x684.jpeg.webp\" class=\"attachment-large size-large wp-image-398\" alt=\"\" srcset=\"https:\/\/wordpress.microfun88.fr\/wp-content\/uploads\/2024\/04\/offre-tarif-1024x684.jpeg.webp 1024w, https:\/\/wordpress.microfun88.fr\/wp-content\/uploads\/2024\/04\/offre-tarif-1024x684.jpeg-300x200.webp 300w, https:\/\/wordpress.microfun88.fr\/wp-content\/uploads\/2024\/04\/offre-tarif-1024x684.jpeg-768x513.webp 768w\" sizes=\"(max-width: 1024px) 100vw, 1024px\" \/>\t\t\t\t\t\t\t\t\t\t\t\t\t\t\t<\/div>\n\t\t\t\t<\/div>\n\t\t\t\t<\/div>\n\t\t<div class=\"elementor-element elementor-element-afd2895 e-con-full e-flex e-con e-child\" data-id=\"afd2895\" data-element_type=\"container\" data-e-type=\"container\">\n\t\t\t\t<div class=\"elementor-element elementor-element-3fdb7f5 elementor-widget elementor-widget-heading\" data-id=\"3fdb7f5\" data-element_type=\"widget\" data-e-type=\"widget\" data-widget_type=\"heading.default\">\n\t\t\t\t<div class=\"elementor-widget-container\">\n\t\t\t\t\t<h3 class=\"elementor-heading-title elementor-size-default\">R\u00e9cup\u00e9ration de donn\u00e9es, transfert cassette et service impression<\/h3>\t\t\t\t<\/div>\n\t\t\t\t<\/div>\n\t\t\t\t<div class=\"elementor-element elementor-element-d29a7bc elementor-widget elementor-widget-text-editor\" data-id=\"d29a7bc\" data-element_type=\"widget\" data-e-type=\"widget\" data-widget_type=\"text-editor.default\">\n\t\t\t\t<div class=\"elementor-widget-container\">\n\t\t\t\t\t\t\t\t\t<p>Nous vous proposons une gamme compl\u00e8te de services pour r\u00e9pondre \u00e0 vos besoins informatiques les plus exigeants. Que vous ayez besoin de r\u00e9cup\u00e9rer des donn\u00e9es perdues, de transf\u00e9rer vos pr\u00e9cieuses cassettes vers des formats num\u00e9riques modernes, ou de b\u00e9n\u00e9ficier de notre service d&#8217;impression professionnel, nous sommes l\u00e0 pour vous fournir des solutions rapides, fiables et efficaces.<\/p>\t\t\t\t\t\t\t\t<\/div>\n\t\t\t\t<\/div>\n\t\t\t\t<div class=\"elementor-element elementor-element-95dfc4a elementor-align-right elementor-widget elementor-widget-button\" data-id=\"95dfc4a\" data-element_type=\"widget\" data-e-type=\"widget\" data-widget_type=\"button.default\">\n\t\t\t\t<div class=\"elementor-widget-container\">\n\t\t\t\t\t\t\t\t\t<div class=\"elementor-button-wrapper\">\n\t\t\t\t\t<a class=\"elementor-button elementor-button-link elementor-size-sm\" href=\"http:\/\/wordpress.microfun88.fr\/index.php\/pages-contact\/\">\n\t\t\t\t\t\t<span class=\"elementor-button-content-wrapper\">\n\t\t\t\t\t\t\t\t\t<span class=\"elementor-button-text\">Contactez-nous <\/span>\n\t\t\t\t\t<\/span>\n\t\t\t\t\t<\/a>\n\t\t\t\t<\/div>\n\t\t\t\t\t\t\t\t<\/div>\n\t\t\t\t<\/div>\n\t\t\t\t<\/div>\n\t\t\t\t\t<\/div>\n\t\t\t\t<\/div>\n\t\t\t\t<\/div>\n\t\t","protected":false},"excerpt":{"rendered":"<p>Vente de produits informatiques D\u00e9couvrez notre s\u00e9lection soigneusement choisie de produits informatiques pour r\u00e9pondre \u00e0 tous vos besoins en ligne. Que vous soyez un particulier \u00e0 la recherche d&#8217;un nouvel ordinateur portable performant, un professionnel ayant besoin d&#8217;\u00e9quipements de pointe pour son entreprise, ou un d\u00e9veloppeur cherchant des outils et des accessoires sp\u00e9cialis\u00e9s, nous avons [&hellip;]<\/p>\n","protected":false},"author":1,"featured_media":0,"parent":0,"menu_order":0,"comment_status":"closed","ping_status":"closed","template":"elementor_theme","meta":{"footnotes":""},"class_list":["post-59","page","type-page","status-publish","hentry"],"_links":{"self":[{"href":"https:\/\/wordpress.microfun88.fr\/index.php\/wp-json\/wp\/v2\/pages\/59","targetHints":{"allow":["GET"]}}],"collection":[{"href":"https:\/\/wordpress.microfun88.fr\/index.php\/wp-json\/wp\/v2\/pages"}],"about":[{"href":"https:\/\/wordpress.microfun88.fr\/index.php\/wp-json\/wp\/v2\/types\/page"}],"author":[{"embeddable":true,"href":"https:\/\/wordpress.microfun88.fr\/index.php\/wp-json\/wp\/v2\/users\/1"}],"replies":[{"embeddable":true,"href":"https:\/\/wordpress.microfun88.fr\/index.php\/wp-json\/wp\/v2\/comments?post=59"}],"version-history":[{"count":82,"href":"https:\/\/wordpress.microfun88.fr\/index.php\/wp-json\/wp\/v2\/pages\/59\/revisions"}],"predecessor-version":[{"id":539,"href":"https:\/\/wordpress.microfun88.fr\/index.php\/wp-json\/wp\/v2\/pages\/59\/revisions\/539"}],"wp:attachment":[{"href":"https:\/\/wordpress.microfun88.fr\/index.php\/wp-json\/wp\/v2\/media?parent=59"}],"curies":[{"name":"wp","href":"https:\/\/api.w.org\/{rel}","templated":true}]}}